{"id":637,"date":"2022-07-12T15:20:39","date_gmt":"2022-07-12T15:20:39","guid":{"rendered":"https:\/\/acnoum.tk\/?post_type=product&#038;p=637"},"modified":"2026-03-29T18:52:56","modified_gmt":"2026-03-29T18:52:56","slug":"bucket_medium_black","status":"publish","type":"product","link":"https:\/\/acnoum.com\/pl\/produkt\/bucket_medium_black\/","title":{"rendered":"BUCKET_MEDIUM_BLACK"},"content":{"rendered":"<p class=\"translation-block\">\u015aredniej wielko\u015bci czarna torba do r\u0119ki lub typu crossbody. Wewn\u0105trz \u015brednia sk\u00f3rzana kiesze\u0144\nzamykana na suwak oraz dwie komory. Zapi\u0119cie na magnes. Surowe wyko\u0144czenie bez podszewki. Srebrne okucia. T\u0142oczone logo acnoum wewn\u0105trz. Do\u0142\u0105czony worek do przechowywania. Wyprodukowano w Polsce.<\/p>","protected":false},"excerpt":{"rendered":"<p class=\"translation-block\">\u015aredniej wielko\u015bci czarna torba do r\u0119ki lub typu crossbody. Wewn\u0105trz \u015brednia sk\u00f3rzana kiesze\u0144\nzamykana na suwak oraz dwie komory. Zapi\u0119cie na magnes. Surowe wyko\u0144czenie bez podszewki. Srebrne okucia. T\u0142oczone logo acnoum wewn\u0105trz. Do\u0142\u0105czony worek do przechowywania. Wyprodukowano w Polsce.<\/p>","protected":false},"featured_media":815,"template":"","meta":{"_mo_disable_npp":""},"product_brand":[],"product_cat":[27,28],"product_tag":[],"class_list":{"0":"post-637","1":"product","2":"type-product","3":"status-publish","4":"has-post-thumbnail","6":"product_cat-woman","7":"product_cat-bags","9":"first","10":"instock","11":"shipping-taxable","12":"purchasable","13":"product-type-simple"},"_links":{"self":[{"href":"https:\/\/acnoum.com\/pl\/wp-json\/wp\/v2\/product\/637","targetHints":{"allow":["GET"]}}],"collection":[{"href":"https:\/\/acnoum.com\/pl\/wp-json\/wp\/v2\/product"}],"about":[{"href":"https:\/\/acnoum.com\/pl\/wp-json\/wp\/v2\/types\/product"}],"version-history":[{"count":4,"href":"https:\/\/acnoum.com\/pl\/wp-json\/wp\/v2\/product\/637\/revisions"}],"predecessor-version":[{"id":1842,"href":"https:\/\/acnoum.com\/pl\/wp-json\/wp\/v2\/product\/637\/revisions\/1842"}],"wp:featuredmedia":[{"embeddable":true,"href":"https:\/\/acnoum.com\/pl\/wp-json\/wp\/v2\/media\/815"}],"wp:attachment":[{"href":"https:\/\/acnoum.com\/pl\/wp-json\/wp\/v2\/media?parent=637"}],"wp:term":[{"taxonomy":"product_brand","embeddable":true,"href":"https:\/\/acnoum.com\/pl\/wp-json\/wp\/v2\/product_brand?post=637"},{"taxonomy":"product_cat","embeddable":true,"href":"https:\/\/acnoum.com\/pl\/wp-json\/wp\/v2\/product_cat?post=637"},{"taxonomy":"product_tag","embeddable":true,"href":"https:\/\/acnoum.com\/pl\/wp-json\/wp\/v2\/product_tag?post=637"}],"curies":[{"name":"wp","href":"https:\/\/api.w.org\/{rel}","templated":true}]}}