{"id":629,"date":"2022-07-12T15:20:38","date_gmt":"2022-07-12T15:20:38","guid":{"rendered":"https:\/\/acnoum.tk\/?post_type=product&#038;p=629"},"modified":"2025-12-26T20:43:35","modified_gmt":"2025-12-26T20:43:35","slug":"chain_baguette_medium","status":"publish","type":"product","link":"https:\/\/acnoum.com\/pl\/produkt\/chain_baguette_medium\/","title":{"rendered":"CHAIN_BAGUETTE_MEDIUM"},"content":{"rendered":"<p>\u015aredniej wielko\u015bci br\u0105zowa torba z ozdobnym \u0142a\u0144cuchem do r\u0119ki. Wewn\u0105trz ma\u0142a kiesze\u0144 zamykana na suwak oraz dwie komory. Zapi\u0119cie na magnes. Z\u0142ote okucia. T\u0142oczone logo acnoum wewn\u0105trz. Do\u0142\u0105czony worek do przechowywania. Wyprodukowano w Polsce.<\/p>","protected":false},"excerpt":{"rendered":"<p>\u015aredniej wielko\u015bci br\u0105zowa torba z ozdobnym \u0142a\u0144cuchem do r\u0119ki. Wewn\u0105trz ma\u0142a kiesze\u0144 zamykana na suwak oraz dwie komory. Zapi\u0119cie na magnes. Z\u0142ote okucia. T\u0142oczone logo acnoum wewn\u0105trz. Do\u0142\u0105czony worek do przechowywania. Wyprodukowano w Polsce.<\/p>","protected":false},"featured_media":821,"template":"","meta":{"_mo_disable_npp":""},"product_brand":[],"product_cat":[51,27],"product_tag":[],"class_list":{"0":"post-629","1":"product","2":"type-product","3":"status-publish","4":"has-post-thumbnail","6":"product_cat-archive-sale","7":"product_cat-woman","9":"first","10":"instock","11":"sale","12":"shipping-taxable","13":"purchasable","14":"product-type-simple"},"_links":{"self":[{"href":"https:\/\/acnoum.com\/pl\/wp-json\/wp\/v2\/product\/629","targetHints":{"allow":["GET"]}}],"collection":[{"href":"https:\/\/acnoum.com\/pl\/wp-json\/wp\/v2\/product"}],"about":[{"href":"https:\/\/acnoum.com\/pl\/wp-json\/wp\/v2\/types\/product"}],"version-history":[{"count":3,"href":"https:\/\/acnoum.com\/pl\/wp-json\/wp\/v2\/product\/629\/revisions"}],"predecessor-version":[{"id":825,"href":"https:\/\/acnoum.com\/pl\/wp-json\/wp\/v2\/product\/629\/revisions\/825"}],"wp:featuredmedia":[{"embeddable":true,"href":"https:\/\/acnoum.com\/pl\/wp-json\/wp\/v2\/media\/821"}],"wp:attachment":[{"href":"https:\/\/acnoum.com\/pl\/wp-json\/wp\/v2\/media?parent=629"}],"wp:term":[{"taxonomy":"product_brand","embeddable":true,"href":"https:\/\/acnoum.com\/pl\/wp-json\/wp\/v2\/product_brand?post=629"},{"taxonomy":"product_cat","embeddable":true,"href":"https:\/\/acnoum.com\/pl\/wp-json\/wp\/v2\/product_cat?post=629"},{"taxonomy":"product_tag","embeddable":true,"href":"https:\/\/acnoum.com\/pl\/wp-json\/wp\/v2\/product_tag?post=629"}],"curies":[{"name":"wp","href":"https:\/\/api.w.org\/{rel}","templated":true}]}}