{"id":3144,"date":"2024-04-03T16:15:44","date_gmt":"2024-04-03T16:15:44","guid":{"rendered":"https:\/\/acnoum.com\/?post_type=product&#038;p=3144"},"modified":"2025-12-26T20:20:38","modified_gmt":"2025-12-26T20:20:38","slug":"pouch_black","status":"publish","type":"product","link":"https:\/\/acnoum.com\/pl\/produkt\/pouch_black\/","title":{"rendered":"POUCH_BLACK"},"content":{"rendered":"<p>\u015aredniej wielko\u015bci torba na rami\u0119 lub typu crossbody. Wewn\u0105trz du\u017ca kiesze\u0144 zamykana na suwak oraz dwie komory. Dodatkowo d\u0142ugi sk\u00f3rzany pasek. Zapi\u0119cie na magnes. Z\u0142ote okucia. Metalowe logo acnoum na zewn\u0105trz. Do\u0142\u0105czony worek do przechowywania. <br>Wyprodukowano w Polsce.<br \/>\nMade in Poland.<\/p>","protected":false},"excerpt":{"rendered":"<p>Medium shoulder or crossbody bag. Big zippered pocket and two compartments inside. Fastened with a magnetic closure. Additional long belt attached. Gold fittings. Metal acnoum name outside. Dusty bag attached. Made in Poland.<\/p>","protected":false},"featured_media":3145,"template":"","meta":{"_mo_disable_npp":""},"product_brand":[],"product_cat":[27,28],"product_tag":[],"class_list":{"0":"post-3144","1":"product","2":"type-product","3":"status-publish","4":"has-post-thumbnail","6":"product_cat-woman","7":"product_cat-bags","9":"first","10":"instock","11":"sale","12":"shipping-taxable","13":"purchasable","14":"product-type-simple"},"_links":{"self":[{"href":"https:\/\/acnoum.com\/pl\/wp-json\/wp\/v2\/product\/3144","targetHints":{"allow":["GET"]}}],"collection":[{"href":"https:\/\/acnoum.com\/pl\/wp-json\/wp\/v2\/product"}],"about":[{"href":"https:\/\/acnoum.com\/pl\/wp-json\/wp\/v2\/types\/product"}],"version-history":[{"count":2,"href":"https:\/\/acnoum.com\/pl\/wp-json\/wp\/v2\/product\/3144\/revisions"}],"predecessor-version":[{"id":3179,"href":"https:\/\/acnoum.com\/pl\/wp-json\/wp\/v2\/product\/3144\/revisions\/3179"}],"wp:featuredmedia":[{"embeddable":true,"href":"https:\/\/acnoum.com\/pl\/wp-json\/wp\/v2\/media\/3145"}],"wp:attachment":[{"href":"https:\/\/acnoum.com\/pl\/wp-json\/wp\/v2\/media?parent=3144"}],"wp:term":[{"taxonomy":"product_brand","embeddable":true,"href":"https:\/\/acnoum.com\/pl\/wp-json\/wp\/v2\/product_brand?post=3144"},{"taxonomy":"product_cat","embeddable":true,"href":"https:\/\/acnoum.com\/pl\/wp-json\/wp\/v2\/product_cat?post=3144"},{"taxonomy":"product_tag","embeddable":true,"href":"https:\/\/acnoum.com\/pl\/wp-json\/wp\/v2\/product_tag?post=3144"}],"curies":[{"name":"wp","href":"https:\/\/api.w.org\/{rel}","templated":true}]}}