{"id":2242,"date":"2023-03-27T16:43:41","date_gmt":"2023-03-27T16:43:41","guid":{"rendered":"https:\/\/acnoum.com\/?post_type=product&#038;p=2242"},"modified":"2025-03-03T18:59:10","modified_gmt":"2025-03-03T18:59:10","slug":"clogs-black","status":"publish","type":"product","link":"https:\/\/acnoum.com\/pl\/produkt\/clogs-black\/","title":{"rendered":"CLOGS_BLACK"},"content":{"rendered":"<p>Buty typu chodaki z mi\u0119kkiej sk\u00f3ry z zaokr\u0105glonym noskiem. T\u0142oczone logo acnoum na podeszwie. Do\u0142\u0105czony worek do przechowywania. Wykonane r\u0119cznie we W\u0142oszech.<\/p>","protected":false},"excerpt":{"rendered":"<p>Buty typu chodaki z mi\u0119kkiej sk\u00f3ry z zaokr\u0105glonym noskiem. T\u0142oczone logo acnoum na podeszwie. Do\u0142\u0105czony worek do przechowywania. Wykonane r\u0119cznie we W\u0142oszech.<\/p>","protected":false},"featured_media":2251,"template":"","meta":{"_mo_disable_npp":""},"product_brand":[],"product_cat":[49],"product_tag":[],"class_list":{"0":"post-2242","1":"product","2":"type-product","3":"status-publish","4":"has-post-thumbnail","6":"product_cat-shoes","8":"first","9":"instock","10":"sale","11":"shipping-taxable","12":"purchasable","13":"product-type-variable","14":"has-default-attributes"},"_links":{"self":[{"href":"https:\/\/acnoum.com\/pl\/wp-json\/wp\/v2\/product\/2242","targetHints":{"allow":["GET"]}}],"collection":[{"href":"https:\/\/acnoum.com\/pl\/wp-json\/wp\/v2\/product"}],"about":[{"href":"https:\/\/acnoum.com\/pl\/wp-json\/wp\/v2\/types\/product"}],"version-history":[{"count":5,"href":"https:\/\/acnoum.com\/pl\/wp-json\/wp\/v2\/product\/2242\/revisions"}],"predecessor-version":[{"id":2470,"href":"https:\/\/acnoum.com\/pl\/wp-json\/wp\/v2\/product\/2242\/revisions\/2470"}],"wp:featuredmedia":[{"embeddable":true,"href":"https:\/\/acnoum.com\/pl\/wp-json\/wp\/v2\/media\/2251"}],"wp:attachment":[{"href":"https:\/\/acnoum.com\/pl\/wp-json\/wp\/v2\/media?parent=2242"}],"wp:term":[{"taxonomy":"product_brand","embeddable":true,"href":"https:\/\/acnoum.com\/pl\/wp-json\/wp\/v2\/product_brand?post=2242"},{"taxonomy":"product_cat","embeddable":true,"href":"https:\/\/acnoum.com\/pl\/wp-json\/wp\/v2\/product_cat?post=2242"},{"taxonomy":"product_tag","embeddable":true,"href":"https:\/\/acnoum.com\/pl\/wp-json\/wp\/v2\/product_tag?post=2242"}],"curies":[{"name":"wp","href":"https:\/\/api.w.org\/{rel}","templated":true}]}}